{"id":2,"date":"2025-06-19T20:32:13","date_gmt":"2025-06-19T20:32:13","guid":{"rendered":"https:\/\/www.cliquecertonanet.com.br\/?page_id=2"},"modified":"2026-01-21T14:01:50","modified_gmt":"2026-01-21T14:01:50","slug":"achadinhos","status":"publish","type":"page","link":"https:\/\/www.cliquecertonanet.com.br\/?page_id=2","title":{"rendered":"Achados"},"content":{"rendered":"\n<p><\/p>\n\n\n\n<blockquote class=\"wp-block-quote is-layout-flow wp-block-quote-is-layout-flow\">\n<p><\/p>\n<\/blockquote>\n\n\n\n<p><\/p>\n\n\n\n<blockquote class=\"wp-block-quote is-layout-flow wp-block-quote-is-layout-flow\">\n<p><\/p>\n<\/blockquote>\n\n\n<ul class=\"wp-block-latest-posts__list wp-block-latest-posts\"><li><a class=\"wp-block-latest-posts__post-title\" href=\"https:\/\/www.cliquecertonanet.com.br\/?p=474\">\u0427\u0435\u0441\u0442\u043d\u044b\u0435 \u043e\u0442\u0437\u044b\u0432\u044b \u043e \u043a\u0430\u0437\u0438\u043d\u043e \u041f\u0438\u043d\u043a\u043e: \u043c\u0438\u0444\u044b \u0438 \u0440\u0435\u0430\u043b\u044c\u043d\u043e\u0441\u0442\u044c<\/a><\/li>\n<li><a class=\"wp-block-latest-posts__post-title\" href=\"https:\/\/www.cliquecertonanet.com.br\/?p=471\">Pinco, Az\u0259rbaycanda \u0130\u015ftirak Etm\u0259yiniz G\u0259r\u0259k\u0259n Canl\u0131 Festivalar<\/a><\/li>\n<li><a class=\"wp-block-latest-posts__post-title\" href=\"https:\/\/www.cliquecertonanet.com.br\/?p=453\">Risiken und Chancen von Sportwetten ohne Oase f\u00fcr Deutsche<\/a><\/li>\n<li><a class=\"wp-block-latest-posts__post-title\" href=\"https:\/\/www.cliquecertonanet.com.br\/?p=449\">Pinco Oyun Sitesini K\u0259\u015ff Ed\u0259r\u0259k: Oyun\u00e7ular \u00dc\u00e7\u00fcn Bir B\u0259l\u0259d\u00e7i<\/a><\/li>\n<li><a class=\"wp-block-latest-posts__post-title\" href=\"https:\/\/www.cliquecertonanet.com.br\/?p=447\">Pinco Oyun Sitesini K\u0259\u015ff Ed\u0259r\u0259k: Oyun\u00e7ular \u00dc\u00e7\u00fcn Bir B\u0259l\u0259d\u00e7i<\/a><\/li>\n<\/ul>\n\n<div class=\"wp-block-post-author-name\">Vendas<\/div>\n\n<div class=\"wp-block-post-author\"><div class=\"wp-block-post-author__avatar\"><img alt='' src='https:\/\/secure.gravatar.com\/avatar\/ea812a1dec812909964672ae0cee2a3ba42b3950062bd50afd2afd970bcf98ee?s=48&#038;d=mm&#038;r=g' srcset='https:\/\/secure.gravatar.com\/avatar\/ea812a1dec812909964672ae0cee2a3ba42b3950062bd50afd2afd970bcf98ee?s=96&#038;d=mm&#038;r=g 2x' class='avatar avatar-48 photo' height='48' width='48' \/><\/div><div class=\"wp-block-post-author__content\"><p class=\"wp-block-post-author__name\">Vendas<\/p><\/div><\/div>\n\n\n<p><\/p>\n","protected":false},"excerpt":{"rendered":"","protected":false},"author":1,"featured_media":0,"parent":0,"menu_order":0,"comment_status":"closed","ping_status":"closed","template":"","meta":{"footnotes":""},"class_list":["post-2","page","type-page","status-publish","hentry"],"_links":{"self":[{"href":"https:\/\/www.cliquecertonanet.com.br\/index.php?rest_route=\/wp\/v2\/pages\/2","targetHints":{"allow":["GET"]}}],"collection":[{"href":"https:\/\/www.cliquecertonanet.com.br\/index.php?rest_route=\/wp\/v2\/pages"}],"about":[{"href":"https:\/\/www.cliquecertonanet.com.br\/index.php?rest_route=\/wp\/v2\/types\/page"}],"author":[{"embeddable":true,"href":"https:\/\/www.cliquecertonanet.com.br\/index.php?rest_route=\/wp\/v2\/users\/1"}],"replies":[{"embeddable":true,"href":"https:\/\/www.cliquecertonanet.com.br\/index.php?rest_route=%2Fwp%2Fv2%2Fcomments&post=2"}],"version-history":[{"count":5,"href":"https:\/\/www.cliquecertonanet.com.br\/index.php?rest_route=\/wp\/v2\/pages\/2\/revisions"}],"predecessor-version":[{"id":157,"href":"https:\/\/www.cliquecertonanet.com.br\/index.php?rest_route=\/wp\/v2\/pages\/2\/revisions\/157"}],"wp:attachment":[{"href":"https:\/\/www.cliquecertonanet.com.br\/index.php?rest_route=%2Fwp%2Fv2%2Fmedia&parent=2"}],"curies":[{"name":"wp","href":"https:\/\/api.w.org\/{rel}","templated":true}]}}